{"id":4801,"date":"2018-10-04T09:03:25","date_gmt":"2018-10-04T09:03:25","guid":{"rendered":"https:\/\/xstore.8theme.com\/demos\/2\/electron02\/?page_id=4801"},"modified":"2020-09-08T16:17:19","modified_gmt":"2020-09-08T16:17:19","slug":"contact-us","status":"publish","type":"page","link":"https:\/\/emmetg.cl\/?page_id=4801","title":{"rendered":"Contact us"},"content":{"rendered":"<p>[vc_row full_width=\u00bbstretch_row_content_no_spaces\u00bb css_animation=\u00bbfadeIn\u00bb css=\u00bb.vc_custom_1529860450756{margin-bottom: 0px !important;}\u00bb][vc_column css=\u00bb.vc_custom_1539763789196{margin-bottom: -70px !important;}\u00bb][wwp_vc_gmaps disable_auto_zoom=\u00bbfalse\u00bb zoom=\u00bb12&#8243; width=\u00bb\u00bb height=\u00bb550&#8243; custom_map_style=\u00bblight_gray\u00bb marker_clustering=\u00bbyes\u00bb zoom_control_position=\u00bbTOP_LEFT\u00bb dragging_control_position=\u00bbLEFT_TOP\u00bb][wwp_vc_gmaps_marker lat=\u00bb-36.821384&#8243; lng=\u00bb-73.061565&#8243; marker_icon_option=\u00bbcustom\u00bb pin_icon=\u00bb4811&#8243;][\/wwp_vc_gmaps][\/vc_column][\/vc_row][vc_row css=\u00bb.vc_custom_1538647090287{margin-top: -205px !important;margin-bottom: 110px !important;margin-left: 0px !important;}\u00bb][vc_column width=\u00bb5\/12&#8243; css=\u00bb.vc_custom_1539869251867{padding-top: 3rem !important;padding-right: 2.5rem !important;padding-bottom: 3rem !important;padding-left: 2.5rem !important;background-color: #ffffff !important;}\u00bb offset=\u00bbvc_col-md-3 vc_col-xs-8&#8243;][vc_column_text css=\u00bb.vc_custom_1538645330751{margin-bottom: 15px !important;}\u00bb]<\/p>\n<p style=\"text-align: left; color: #555;\">30 South Avenue San Francisco<br \/>\nPhone: +1 408 996 1010<\/p>\n<p>[\/vc_column_text][follow icons_color=\u00bb#222222&#8243; icons_color_hover=\u00bb#888888&#8243; facebook=\u00bb#\u00bb twitter=\u00bb#\u00bb instagram=\u00bb#\u00bb google=\u00bb#\u00bb pinterest=\u00bb#\u00bb linkedin=\u00bb#\u00bb][\/vc_column][vc_column width=\u00bb1\/4&#8243;][\/vc_column][vc_column width=\u00bb1\/4&#8243;][\/vc_column][vc_column width=\u00bb1\/4&#8243;][\/vc_column][\/vc_row][vc_row css=\u00bb.vc_custom_1539763934078{margin-bottom: -35px !important;}\u00bb][vc_column width=\u00bb1\/2&#8243;][vc_custom_heading text=\u00bbEnvianos un email\u00bb font_container=\u00bbtag:h2|font_size:24px|text_align:left|color:%23222222|line_height:1em\u00bb use_theme_fonts=\u00bbyes\u00bb css=\u00bb.vc_custom_1599581627796{margin-bottom: 10px !important;}\u00bb][vc_column_text css=\u00bb.vc_custom_1599581661449{margin-bottom: 29px !important;}\u00bb]Si desea obtener m\u00e1s informaci\u00f3n sobre EMMETG y no puede encontrarla en nuestras preguntas frecuentes, comun\u00edquese con nosotros. Simplemente complete el formulario, incluya su mensaje[\/vc_column_text][vc_column_text][contact-form-7 id=\u00bb4806&#8243; title=\u00bbContact form 1&#8243;][\/vc_column_text][\/vc_column][vc_column width=\u00bb1\/2&#8243; css=\u00bb.vc_custom_1539764067336{margin-bottom: 35px !important;}\u00bb][vc_custom_heading text=\u00bbFAQ\u00bb font_container=\u00bbtag:h2|font_size:24px|text_align:left|color:%23222222|line_height:1em\u00bb use_theme_fonts=\u00bbyes\u00bb css=\u00bb.vc_custom_1529859967099{margin-bottom: 13px !important;}\u00bb][vc_column_text css=\u00bb.vc_custom_1599581594101{margin-bottom: 15px !important;}\u00bb]Lea nuestras preguntas frecuentes antes de enviarnos un mensaje.[\/vc_column_text][vc_toggle title=\u00bbUt enim ad minim veniam, nostrud exercitation ullamco?\u00bb style=\u00bbarrow\u00bb size=\u00bbsm\u00bb css=\u00bb.vc_custom_1538646822020{border-bottom-width: 1px !important;border-bottom-color: #e1e1e1 !important;border-bottom-style: solid !important;}\u00bb]<\/p>\n<p style=\"font-size: 16px;\">Excepteur sint occaecat cupidatat non proident, sunt in culpa qui officia deserunt mollit anim id est laborum. Sed ut perspiciatis unde omnis iste natus error sit voluptatem accusantium doloremque laudantium, totam rem aperiam, eaque ipsa quaer.<\/p>\n<p>[\/vc_toggle][vc_toggle title=\u00bbLorem ipsum dolor sit amet, sed do tempor incididunt?\u00bb style=\u00bbarrow\u00bb size=\u00bbsm\u00bb open=\u00bbtrue\u00bb]<\/p>\n<p style=\"font-size: 16px;\">Excepteur sint occaecat cupidatat non proident, sunt in culpa qui officia deserunt mollit anim id est laborum. Sed ut perspiciatis unde omnis iste natus error sit voluptatem accusantium doloremque laudantium, totam rem aperiam, eaque ipsa quaer.<\/p>\n<p>[\/vc_toggle][vc_toggle title=\u00bbLabore et dolore magna aliqua utenim ullamco?\u00bb style=\u00bbarrow\u00bb size=\u00bbsm\u00bb css=\u00bb.vc_custom_1538646837152{border-top-width: 1px !important;border-top-color: #e1e1e1 !important;border-top-style: solid !important;}\u00bb]<\/p>\n<p style=\"font-size: 16px;\">Excepteur sint occaecat cupidatat non proident, sunt in culpa qui officia deserunt mollit anim id est laborum. Sed ut perspiciatis unde omnis iste natus error sit voluptatem accusantium doloremque laudantium, totam rem aperiam, eaque ipsa quaer.<\/p>\n<p>[\/vc_toggle][\/vc_column][\/vc_row]<\/p>\n","protected":false},"excerpt":{"rendered":"<p>[vc_row full_width=\u00bbstretch_row_content_no_spaces\u00bb css_animation=\u00bbfadeIn\u00bb css=\u00bb.vc_custom_1529860450756{margin-bottom: 0px !important;}\u00bb][vc_column css=\u00bb.vc_custom_1539763789196{margin-bottom: -70px !important;}\u00bb][wwp_vc_gmaps disable_auto_zoom=\u00bbfalse\u00bb zoom=\u00bb12&#8243; width=\u00bb\u00bb height=\u00bb550&#8243; custom_map_style=\u00bblight_gray\u00bb marker_clustering=\u00bbyes\u00bb zoom_control_position=\u00bbTOP_LEFT\u00bb dragging_control_position=\u00bbLEFT_TOP\u00bb][wwp_vc_gmaps_marker lat=\u00bb-36.821384&#8243; lng=\u00bb-73.061565&#8243; marker_icon_option=\u00bbcustom\u00bb pin_icon=\u00bb4811&#8243;][\/wwp_vc_gmaps][\/vc_column][\/vc_row][vc_row css=\u00bb.vc_custom_1538647090287{margin-top: -205px !important;margin-bottom: 110px<\/p>\n<div class=\"read-more-wrapper\"><a class=\"link small\" href=\"https:\/\/emmetg.cl\/?page_id=4801\" role=\"button\">Read more<span class=\"nc-icon-glyph arrows-1_bold-right\"><\/span><\/a><\/div>\n","protected":false},"author":1,"featured_media":0,"parent":0,"menu_order":0,"comment_status":"closed","ping_status":"closed","template":"","meta":{"footnotes":""},"_links":{"self":[{"href":"https:\/\/emmetg.cl\/index.php?rest_route=\/wp\/v2\/pages\/4801"}],"collection":[{"href":"https:\/\/emmetg.cl\/index.php?rest_route=\/wp\/v2\/pages"}],"about":[{"href":"https:\/\/emmetg.cl\/index.php?rest_route=\/wp\/v2\/types\/page"}],"author":[{"embeddable":true,"href":"https:\/\/emmetg.cl\/index.php?rest_route=\/wp\/v2\/users\/1"}],"replies":[{"embeddable":true,"href":"https:\/\/emmetg.cl\/index.php?rest_route=%2Fwp%2Fv2%2Fcomments&post=4801"}],"version-history":[{"count":2,"href":"https:\/\/emmetg.cl\/index.php?rest_route=\/wp\/v2\/pages\/4801\/revisions"}],"predecessor-version":[{"id":5957,"href":"https:\/\/emmetg.cl\/index.php?rest_route=\/wp\/v2\/pages\/4801\/revisions\/5957"}],"wp:attachment":[{"href":"https:\/\/emmetg.cl\/index.php?rest_route=%2Fwp%2Fv2%2Fmedia&parent=4801"}],"curies":[{"name":"wp","href":"https:\/\/api.w.org\/{rel}","templated":true}]}}