{"id":4411,"date":"2018-10-03T09:52:50","date_gmt":"2018-10-03T09:52:50","guid":{"rendered":"https:\/\/xstore.8theme.com\/demos\/2\/electron02\/?page_id=4411"},"modified":"2020-09-08T15:27:31","modified_gmt":"2020-09-08T15:27:31","slug":"home","status":"publish","type":"page","link":"https:\/\/emmetg.cl\/?page_id=4411","title":{"rendered":"Home electron02"},"content":{"rendered":"<p>[vc_row full_width=\u00bbstretch_row\u00bb css=\u00bb.vc_custom_1539672337293{background-color: #fafafa !important;}\u00bb][vc_column][etheme_slider height=\u00bbcustom\u00bb nav=\u00bbbullets\u00bb nav_color=\u00bb#0d47a1&#8243; bg_color=\u00bb#fafafa\u00bb height_value=\u00bb500px\u00bb el_class=\u00bbrow\u00bb slider_speed=\u00bb500&#8243;][etheme_slider_item content_width=\u00bb50&#8243; v_align=\u00bbcenter\u00bb bg_size=\u00bbauto\u00bb background_position=\u00bbright\u00bb background_repeat=\u00bbno-repeat\u00bb title_font_container=\u00bbtag:h2&#8243; title_use_theme_fonts=\u00bbyes\u00bb title_css_animation=\u00bbfadeInLeft\u00bb subtitle_font_container=\u00bbtag:p\u00bb subtitle_use_theme_fonts=\u00bbyes\u00bb subtitle_css_animation=\u00bbfadeInLeft\u00bb use_custom_fonts_title=\u00bbtrue\u00bb use_custom_fonts_subtitle=\u00bbtrue\u00bb button_animation=\u00bbfadeInLeft\u00bb title=\u00bbiPhone X &#8211; Super Retina.\u00bb subtitle=\u00bbSuper Retina en dos tama\u00f1os, incluida la pantalla m\u00e1s grande jam\u00e1s vista en un iPhone.\u00bb button_link=\u00bburl:https%3A%2F%2Fxstore.8theme.com%2Fdemos%2F2%2Felectron02%2Fshop%2F|title:Compra%20Ahora\u00bb bg_img=\u00bb4901&#8243; css=\u00bb.vc_custom_1599578508643{padding-top: 3vw !important;padding-bottom: 3vw !important;}\u00bb button_color=\u00bb#ffffff\u00bb button_bg=\u00bb#0098d6&#8243; button_font_size=\u00bb12px\u00bb button_paddings=\u00bb12px 30px\u00bb button_margins=\u00bb25px 0px 0px 0px\u00bb button_animation_duration=\u00bb700&#8243; button_animation_delay=\u00bb700&#8243; subtitle_animation_delay=\u00bb300&#8243; subtitle_animation_duration=\u00bb700&#8243; el_class=\u00bbmob-center\u00bb button_hover_bg=\u00bb#00556f\u00bb button_border_radius=\u00bb30px\u00bb button_responsive_font_size=\u00bbeyJwYXJhbV90eXBlIjoieHN0b3JlX3Jlc3BvbnNpdmVfc2l6ZSIsImRhdGEiOnsidW5pdHMiOiJweCJ9fQ==\u00bb title_responsive_font_size=\u00bbeyJwYXJhbV90eXBlIjoieHN0b3JlX3Jlc3BvbnNpdmVfc2l6ZSIsImRhdGEiOnsidW5pdHMiOiJweCIsImRlc2t0b3AiOiIzOHB4IiwidGFibGV0IjoiMzJweCIsIm1vYmlsZSI6IjI0cHgifX0=\u00bb title_responsive_line_height=\u00bbeyJwYXJhbV90eXBlIjoieHN0b3JlX3Jlc3BvbnNpdmVfc2l6ZSIsImRhdGEiOnsidW5pdHMiOiIiLCJkZXNrdG9wIjoiMS4zIiwidGFibGV0IjoiMzYiLCJtb2JpbGUiOiIyOCJ9fQ==\u00bb title_responsive_letter_spacing=\u00bbeyJwYXJhbV90eXBlIjoieHN0b3JlX3Jlc3BvbnNpdmVfc2l6ZSIsImRhdGEiOnsidW5pdHMiOiJweCJ9fQ==\u00bb subtitle_responsive_font_size=\u00bbeyJwYXJhbV90eXBlIjoieHN0b3JlX3Jlc3BvbnNpdmVfc2l6ZSIsImRhdGEiOnsidW5pdHMiOiJweCJ9fQ==\u00bb subtitle_responsive_line_height=\u00bbeyJwYXJhbV90eXBlIjoieHN0b3JlX3Jlc3BvbnNpdmVfc2l6ZSIsImRhdGEiOnsidW5pdHMiOiIiLCJkZXNrdG9wIjoiMS41IiwidGFibGV0IjoiMS41IiwibW9iaWxlIjoiMS41In19&#8243; subtitle_responsive_letter_spacing=\u00bbeyJwYXJhbV90eXBlIjoieHN0b3JlX3Jlc3BvbnNpdmVfc2l6ZSIsImRhdGEiOnsidW5pdHMiOiJweCJ9fQ==\u00bb][\/etheme_slider_item][etheme_slider_item content_width=\u00bb50&#8243; v_align=\u00bbcenter\u00bb bg_size=\u00bbauto\u00bb background_position=\u00bbright\u00bb background_repeat=\u00bbno-repeat\u00bb title_font_container=\u00bbtag:h2&#8243; title_use_theme_fonts=\u00bbyes\u00bb title_css_animation=\u00bbfadeInDown\u00bb subtitle_font_container=\u00bbtag:p\u00bb subtitle_use_theme_fonts=\u00bbyes\u00bb subtitle_css_animation=\u00bbzoomIn\u00bb use_custom_fonts_title=\u00bbtrue\u00bb use_custom_fonts_subtitle=\u00bbtrue\u00bb button_animation=\u00bbfadeIn\u00bb title=\u00bbNinebot by Segway ONE S2&#8243; subtitle=\u00bbPort\u00e1til pero potente, el Ninebot es tu dron personal, listo para acompa\u00f1arte a todas partes.\u00bb button_link=\u00bburl:https%3A%2F%2Fxstore.8theme.com%2Fdemos%2F2%2Felectron02%2Fshop%2F|title:Compra%20Ahora\u00bb bg_img=\u00bb4840&#8243; css=\u00bb.vc_custom_1599578655692{padding-top: 3vw !important;padding-bottom: 3vw !important;}\u00bb button_color=\u00bb#ffffff\u00bb button_bg=\u00bb#0098d6&#8243; button_font_size=\u00bb12px\u00bb button_paddings=\u00bb12px 30px\u00bb button_margins=\u00bb25px 0px 0px 0px\u00bb button_animation_delay=\u00bb500&#8243; subtitle_animation_delay=\u00bb300&#8243; button_animation_duration=\u00bb700&#8243; el_class=\u00bbmob-center\u00bb button_hover_bg=\u00bb#00556f\u00bb button_border_radius=\u00bb30px\u00bb button_responsive_font_size=\u00bbeyJwYXJhbV90eXBlIjoieHN0b3JlX3Jlc3BvbnNpdmVfc2l6ZSIsImRhdGEiOnsidW5pdHMiOiJweCJ9fQ==\u00bb title_responsive_font_size=\u00bbeyJwYXJhbV90eXBlIjoieHN0b3JlX3Jlc3BvbnNpdmVfc2l6ZSIsImRhdGEiOnsidW5pdHMiOiJweCIsImRlc2t0b3AiOiIzOHB4IiwidGFibGV0IjoiMzJweCIsIm1vYmlsZSI6IjI0cHgifX0=\u00bb title_responsive_line_height=\u00bbeyJwYXJhbV90eXBlIjoieHN0b3JlX3Jlc3BvbnNpdmVfc2l6ZSIsImRhdGEiOnsidW5pdHMiOiIiLCJkZXNrdG9wIjoiMS4zIiwidGFibGV0IjoiMzYiLCJtb2JpbGUiOiIyOCJ9fQ==\u00bb title_responsive_letter_spacing=\u00bbeyJwYXJhbV90eXBlIjoieHN0b3JlX3Jlc3BvbnNpdmVfc2l6ZSIsImRhdGEiOnsidW5pdHMiOiJweCJ9fQ==\u00bb subtitle_responsive_font_size=\u00bbeyJwYXJhbV90eXBlIjoieHN0b3JlX3Jlc3BvbnNpdmVfc2l6ZSIsImRhdGEiOnsidW5pdHMiOiJweCJ9fQ==\u00bb subtitle_responsive_line_height=\u00bbeyJwYXJhbV90eXBlIjoieHN0b3JlX3Jlc3BvbnNpdmVfc2l6ZSIsImRhdGEiOnsidW5pdHMiOiIiLCJkZXNrdG9wIjoiMS41IiwidGFibGV0IjoiMS41IiwibW9iaWxlIjoiMS41In19&#8243; subtitle_responsive_letter_spacing=\u00bbeyJwYXJhbV90eXBlIjoieHN0b3JlX3Jlc3BvbnNpdmVfc2l6ZSIsImRhdGEiOnsidW5pdHMiOiJweCJ9fQ==\u00bb][\/etheme_slider_item][etheme_slider_item content_width=\u00bb50&#8243; align=\u00bbend\u00bb v_align=\u00bbcenter\u00bb text_align=\u00bbright\u00bb bg_size=\u00bbauto\u00bb background_position=\u00bbleft\u00bb background_repeat=\u00bbno-repeat\u00bb title_font_container=\u00bbtag:h2&#8243; title_use_theme_fonts=\u00bbyes\u00bb title_css_animation=\u00bbfadeInRight\u00bb subtitle_font_container=\u00bbtag:p\u00bb subtitle_use_theme_fonts=\u00bbyes\u00bb subtitle_css_animation=\u00bbfadeInRight\u00bb use_custom_fonts_title=\u00bbtrue\u00bb use_custom_fonts_subtitle=\u00bbtrue\u00bb button_animation=\u00bbfadeInRight\u00bb title=\u00bbAuriculares plegables de oreja\u00bb subtitle=\u00bbCompatible con tel\u00e9fonos inteligentes, computadoras port\u00e1tiles, PC, reproductores de CD, tabletas y otros dispositivos con conector de 3,5 mm.\u00bb button_link=\u00bburl:https%3A%2F%2Fxstore.8theme.com%2Fdemos%2F2%2Felectron02%2Fshop%2F|title:Compra%20Ahora\u00bb bg_img=\u00bb4902&#8243; css=\u00bb.vc_custom_1599578668295{padding-top: 3vw !important;padding-bottom: 3vw !important;}\u00bb button_color=\u00bb#ffffff\u00bb button_bg=\u00bb#0098d6&#8243; button_font_size=\u00bb12px\u00bb button_paddings=\u00bb12px 30px\u00bb button_margins=\u00bb25px 0px 0px 0px\u00bb button_animation_duration=\u00bb700&#8243; button_animation_delay=\u00bb700&#8243; subtitle_animation_delay=\u00bb300&#8243; subtitle_animation_duration=\u00bb700&#8243; el_class=\u00bbmob-center\u00bb button_hover_bg=\u00bb#00556f\u00bb button_border_radius=\u00bb30px\u00bb button_responsive_font_size=\u00bbeyJwYXJhbV90eXBlIjoieHN0b3JlX3Jlc3BvbnNpdmVfc2l6ZSIsImRhdGEiOnsidW5pdHMiOiJweCJ9fQ==\u00bb title_responsive_font_size=\u00bbeyJwYXJhbV90eXBlIjoieHN0b3JlX3Jlc3BvbnNpdmVfc2l6ZSIsImRhdGEiOnsidW5pdHMiOiJweCIsImRlc2t0b3AiOiIzOHB4IiwidGFibGV0IjoiMzJweCIsIm1vYmlsZSI6IjI0cHgifX0=\u00bb title_responsive_line_height=\u00bbeyJwYXJhbV90eXBlIjoieHN0b3JlX3Jlc3BvbnNpdmVfc2l6ZSIsImRhdGEiOnsidW5pdHMiOiIiLCJkZXNrdG9wIjoiMS4zIiwidGFibGV0IjoiMzYiLCJtb2JpbGUiOiIyOCJ9fQ==\u00bb title_responsive_letter_spacing=\u00bbeyJwYXJhbV90eXBlIjoieHN0b3JlX3Jlc3BvbnNpdmVfc2l6ZSIsImRhdGEiOnsidW5pdHMiOiJweCJ9fQ==\u00bb subtitle_responsive_font_size=\u00bbeyJwYXJhbV90eXBlIjoieHN0b3JlX3Jlc3BvbnNpdmVfc2l6ZSIsImRhdGEiOnsidW5pdHMiOiJweCJ9fQ==\u00bb subtitle_responsive_line_height=\u00bbeyJwYXJhbV90eXBlIjoieHN0b3JlX3Jlc3BvbnNpdmVfc2l6ZSIsImRhdGEiOnsidW5pdHMiOiIiLCJkZXNrdG9wIjoiMS41IiwidGFibGV0IjoiMS41IiwibW9iaWxlIjoiMS41In19&#8243; subtitle_responsive_letter_spacing=\u00bbeyJwYXJhbV90eXBlIjoieHN0b3JlX3Jlc3BvbnNpdmVfc2l6ZSIsImRhdGEiOnsidW5pdHMiOiJweCJ9fQ==\u00bb][\/etheme_slider_item][\/etheme_slider][\/vc_column][\/vc_row][vc_row full_width=\u00bbstretch_row\u00bb equal_height=\u00bbyes\u00bb content_placement=\u00bbtop\u00bb css=\u00bb.vc_custom_1539762982633{padding-top: 2.2vw !important;padding-bottom: 1.8vw !important;}\u00bb][vc_column width=\u00bb1\/4&#8243; css=\u00bb.vc_custom_1538670745317{padding-top: 20px !important;}\u00bb offset=\u00bbvc_col-xs-6&#8243;][vc_row_inner equal_height=\u00bbyes\u00bb content_placement=\u00bbmiddle\u00bb css=\u00bb.vc_custom_1539762953974{margin-bottom: 20px !important;}\u00bb][vc_column_inner width=\u00bb1\/4&#8243;][vc_column_text css=\u00bb.vc_custom_1539762703699{margin-bottom: 0px !important;}\u00bb]<span style=\"font-size: 38px; color: #222;\">01.<\/span>[\/vc_column_text][\/vc_column_inner][vc_column_inner width=\u00bb3\/4&#8243;][vc_column_text css=\u00bb.vc_custom_1599578802141{margin-bottom: 0px !important;}\u00bb]<\/p>\n<p style=\"font-size: 16px; color: #555;\">Recomendado por el 99% de las clientes<\/p>\n<p>[\/vc_column_text][\/vc_column_inner][\/vc_row_inner][\/vc_column][vc_column width=\u00bb1\/4&#8243; css=\u00bb.vc_custom_1538670751140{padding-top: 20px !important;}\u00bb offset=\u00bbvc_col-xs-6&#8243;][vc_row_inner equal_height=\u00bbyes\u00bb content_placement=\u00bbmiddle\u00bb css=\u00bb.vc_custom_1539762958272{margin-bottom: 20px !important;}\u00bb][vc_column_inner width=\u00bb1\/4&#8243;][vc_column_text css=\u00bb.vc_custom_1539762693811{margin-bottom: 0px !important;}\u00bb]<span style=\"font-size: 38px; color: #222;\">02.<\/span>[\/vc_column_text][\/vc_column_inner][vc_column_inner width=\u00bb3\/4&#8243;][vc_column_text css=\u00bb.vc_custom_1599578759688{margin-bottom: 0px !important;}\u00bb]<\/p>\n<div id=\"KnM9nf\">Ahorrando su dinero para pr\u00f3ximas compras<\/div>\n<p>[\/vc_column_text][\/vc_column_inner][\/vc_row_inner][\/vc_column][vc_column width=\u00bb1\/4&#8243; css=\u00bb.vc_custom_1538670783070{padding-top: 20px !important;}\u00bb offset=\u00bbvc_col-xs-6&#8243;][vc_row_inner equal_height=\u00bbyes\u00bb content_placement=\u00bbmiddle\u00bb css=\u00bb.vc_custom_1539762962829{margin-bottom: 20px !important;}\u00bb][vc_column_inner width=\u00bb1\/4&#8243;][vc_column_text css=\u00bb.vc_custom_1539762708098{margin-bottom: 0px !important;}\u00bb]<span style=\"font-size: 38px; color: #222;\">03.<\/span>[\/vc_column_text][\/vc_column_inner][vc_column_inner width=\u00bb3\/4&#8243;][vc_column_text css=\u00bb.vc_custom_1599578776090{margin-bottom: 0px !important;}\u00bb]<\/p>\n<p style=\"font-size: 16px; color: #555;\">Entrega: cuando quieras y en cualquier lugar<\/p>\n<p>[\/vc_column_text][\/vc_column_inner][\/vc_row_inner][\/vc_column][vc_column width=\u00bb1\/4&#8243; offset=\u00bbvc_col-xs-6&#8243; css=\u00bb.vc_custom_1538671050399{padding-top: 20px !important;}\u00bb][vc_row_inner equal_height=\u00bbyes\u00bb content_placement=\u00bbmiddle\u00bb css=\u00bb.vc_custom_1539762967576{margin-bottom: 20px !important;}\u00bb][vc_column_inner width=\u00bb1\/4&#8243; css=\u00bb.vc_custom_1539762758001{margin-bottom: 0px !important;}\u00bb][vc_column_text css=\u00bb.vc_custom_1539762771886{margin-bottom: 0px !important;}\u00bb]<span style=\"font-size: 38px; color: #222;\">04.<\/span>[\/vc_column_text][\/vc_column_inner][vc_column_inner width=\u00bb3\/4&#8243;][vc_column_text css=\u00bb.vc_custom_1599578794542{margin-bottom: 0px !important;}\u00bb]Una gran selecci\u00f3n de los mejores productos[\/vc_column_text][\/vc_column_inner][\/vc_row_inner][\/vc_column][\/vc_row][vc_row el_class=\u00bbproducts-hover-only-icons\u00bb css=\u00bb.vc_custom_1539698857063{margin-bottom: 2vw !important;}\u00bb][vc_column][vc_custom_heading text=\u00bbSpecial offers\u00bb font_container=\u00bbtag:p|font_size:24|text_align:center|color:%23222222|line_height:1.3&#8243; use_theme_fonts=\u00bbyes\u00bb css=\u00bb.vc_custom_1539360068150{margin-bottom: 10px !important;}\u00bb][vc_column_text el_class=\u00bbtext-center\u00bb css=\u00bb.vc_custom_1539359234662{margin-bottom: 25px !important;}\u00bb]Laboris nisi ut aliquip ex ea commodo consequat. Duis aute irure dolor.[\/vc_column_text][vc_row_inner][vc_column_inner width=\u00bb1\/3&#8243;][et_offer dis_type=\u00bbtype2&#8243; include=\u00bb4886&#8243;][\/vc_column_inner][vc_column_inner width=\u00bb1\/3&#8243;][et_offer dis_type=\u00bbtype2&#8243; include=\u00bb4887&#8243;][\/vc_column_inner][vc_column_inner width=\u00bb1\/3&#8243;][et_offer dis_type=\u00bbtype2&#8243; include=\u00bb4888&#8243;][\/vc_column_inner][\/vc_row_inner][\/vc_column][\/vc_row][vc_row css=\u00bb.vc_custom_1539769153724{margin-bottom: 2vw !important;}\u00bb][vc_column el_class=\u00bbmob-center\u00bb][vc_custom_heading text=\u00bbPopular categories\u00bb font_container=\u00bbtag:p|font_size:24|text_align:center|color:%23222222|line_height:1.3&#8243; use_theme_fonts=\u00bbyes\u00bb css=\u00bb.vc_custom_1539769221090{margin-bottom: 10px !important;}\u00bb][vc_column_text el_class=\u00bbtext-center\u00bb css=\u00bb.vc_custom_1539769224622{margin-bottom: 25px !important;}\u00bb]Laboris nisi ut aliquip ex ea commodo consequat. Duis aute irure dolor.[\/vc_column_text][etheme_categories_lists hover_type=\u00bbDisable\u00bb orderby=\u00bb\u00bb order=\u00bb\u00bb columns=\u00bb4&#8243; ids=\u00bb67, 71, 60, 69&#8243; exclude=\u00bb\u00bb large=\u00bb4&#8243; notebook=\u00bb4&#8243; tablet_land=\u00bb3&#8243; tablet_portrait=\u00bb2&#8243; mobile=\u00bb1&#8243; quantity=\u00bb2&#8243;][etheme_categories_lists hover_type=\u00bbDisable\u00bb orderby=\u00bb\u00bb order=\u00bb\u00bb columns=\u00bb4&#8243; ids=\u00bb54, 15, 55, 56&#8243; exclude=\u00bb60, 69, 71, 67&#8243; large=\u00bb4&#8243; notebook=\u00bb4&#8243; tablet_land=\u00bb3&#8243; tablet_portrait=\u00bb2&#8243; mobile=\u00bb1&#8243; quantity=\u00bb2&#8243;][\/vc_column][\/vc_row][vc_row css=\u00bb.vc_custom_1539769157251{margin-bottom: 2vw !important;}\u00bb][vc_column][vc_custom_heading text=\u00bbSale products\u00bb font_container=\u00bbtag:h2|text_align:center\u00bb use_theme_fonts=\u00bbyes\u00bb el_class=\u00bbno-uppercase\u00bb css=\u00bb.vc_custom_1539769233004{margin-bottom: 10px !important;}\u00bb][vc_column_text el_class=\u00bbtext-center\u00bb css=\u00bb.vc_custom_1539769236705{margin-bottom: 25px !important;}\u00bb]Laboris nisi ut aliquip ex ea commodo consequat. Duis aute irure dolor.[\/vc_column_text][etheme_products products=\u00bbsale\u00bb slider_loop=\u00bbyes\u00bb ajax=\u00bb1&#8243; ids=\u00bb\u00bb limit=\u00bb5&#8243; large=\u00bb6&#8243; notebook=\u00bb6&#8243; tablet_land=\u00bb4&#8243; tablet_portrait=\u00bb3&#8243; mobile=\u00bb2&#8243;][\/vc_column][\/vc_row][vc_row full_width=\u00bbstretch_row\u00bb css=\u00bb.vc_custom_1539699104976{margin-bottom: 1.7vw !important;padding-top: 80px !important;background-color: #fafafa !important;}\u00bb][vc_column background_position=\u00bbright_bottom\u00bb css=\u00bb.vc_custom_1539108539012{padding-bottom: 80px !important;background-image: url(https:\/\/xstore.8theme.com\/demos\/2\/electron02\/wp-content\/uploads\/sites\/18\/2018\/10\/electron-02-row-bg.jpg?id=4839) !important;background-position: center !important;background-repeat: no-repeat !important;background-size: contain !important;}\u00bb][vc_column_text css=\u00bb.vc_custom_1599578066140{margin-bottom: 0px !important;}\u00bb]<\/p>\n<p style=\"color: #222222; font-size: 24px; margin-bottom: 10px; text-transform: uppercase;\">Cable Lightning a USB de 1,2 m BELT de Native Union<\/p>\n<p style=\"color: #0d47a1; font-size: 24px;\">$ 525<\/p>\n<p>[\/vc_column_text][vc_btn title=\u00bbBuy now\u00bb style=\u00bbcustom\u00bb custom_background=\u00bb#0098d6&#8243; custom_text=\u00bb#ffffff\u00bb shape=\u00bbround\u00bb css=\u00bb.vc_custom_1599578014336{margin-top: 15px !important;}\u00bb][\/vc_column][\/vc_row][vc_row css=\u00bb.vc_custom_1539105205893{margin-bottom: 1.8vw !important;}\u00bb el_class=\u00bbproducts-hover-only-icons\u00bb][vc_column][vc_custom_heading text=\u00bbBestsellers\u00bb font_container=\u00bbtag:p|font_size:24|text_align:center|color:%23222222|line_height:1.3&#8243; use_theme_fonts=\u00bbyes\u00bb css=\u00bb.vc_custom_1539360075734{margin-bottom: 10px !important;}\u00bb][vc_column_text el_class=\u00bbtext-center\u00bb css=\u00bb.vc_custom_1539108899685{margin-bottom: 15px !important;}\u00bb]Laboris nisi ut aliquip ex ea commodo consequat. Duis aute irure dolor.[\/vc_column_text][vc_tta_tabs spacing=\u00bb\u00bb alignment=\u00bbcenter\u00bb active_section=\u00bb1&#8243; no_fill_content_area=\u00bbtrue\u00bb][vc_tta_section title=\u00bbTop new\u00bb tab_id=\u00bb1538664009891-d50ce55d-2b2b\u00bb][etheme_products orderby=\u00bbrand\u00bb slider_loop=\u00bbyes\u00bb ajax=\u00bb1&#8243; limit=\u00bb7&#8243; phones=\u00bb2&#8243; ids=\u00bb\u00bb large=\u00bb6&#8243; notebook=\u00bb6&#8243; tablet_land=\u00bb4&#8243; tablet_portrait=\u00bb3&#8243; mobile=\u00bb2&#8243;][\/vc_tta_section][vc_tta_section title=\u00bbFeatured\u00bb tab_id=\u00bb1538671756378-87b91d23-c1aa\u00bb][etheme_products orderby=\u00bbrand\u00bb slider_loop=\u00bbyes\u00bb ajax=\u00bb1&#8243; limit=\u00bb7&#8243; phones=\u00bb2&#8243; ids=\u00bb\u00bb large=\u00bb6&#8243; notebook=\u00bb6&#8243; tablet_land=\u00bb4&#8243; tablet_portrait=\u00bb3&#8243; mobile=\u00bb2&#8243;][\/vc_tta_section][vc_tta_section title=\u00bbSpecial\u00bb tab_id=\u00bb1538671755430-a54e9f7e-451b\u00bb][etheme_products orderby=\u00bbrand\u00bb slider_loop=\u00bbyes\u00bb ajax=\u00bb1&#8243; limit=\u00bb7&#8243; phones=\u00bb2&#8243; ids=\u00bb\u00bb large=\u00bb6&#8243; notebook=\u00bb6&#8243; tablet_land=\u00bb4&#8243; tablet_portrait=\u00bb3&#8243; mobile=\u00bb2&#8243;][\/vc_tta_section][\/vc_tta_tabs][\/vc_column][\/vc_row][vc_row][vc_column css=\u00bb.vc_custom_1539105388478{padding-top: 0px !important;}\u00bb][vc_custom_heading text=\u00bbBest brand\u00bb font_container=\u00bbtag:p|font_size:24|text_align:center|color:%23222222|line_height:1.3&#8243; use_theme_fonts=\u00bbyes\u00bb css=\u00bb.vc_custom_1539360347713{margin-bottom: 10px !important;}\u00bb][vc_column_text el_class=\u00bbtext-center\u00bb css=\u00bb.vc_custom_1539359234662{margin-bottom: 25px !important;}\u00bb]Laboris nisi ut aliquip ex ea commodo consequat. Duis aute irure dolor.[\/vc_column_text][etheme_brands slider_autoplay=\u00bbyes\u00bb slider_loop=\u00bbyes\u00bb ids=\u00bb46, 147, 145, 146, 148&#8243; large=\u00bb6&#8243; notebook=\u00bb4&#8243; tablet_land=\u00bb3&#8243; tablet_portrait=\u00bb3&#8243; mobile=\u00bb2&#8243; slider_speed=\u00bb700&#8243;][\/vc_column][\/vc_row]<\/p>\n","protected":false},"excerpt":{"rendered":"<p>[vc_row full_width=\u00bbstretch_row\u00bb css=\u00bb.vc_custom_1539672337293{background-color: #fafafa !important;}\u00bb][vc_column][etheme_slider height=\u00bbcustom\u00bb nav=\u00bbbullets\u00bb nav_color=\u00bb#0d47a1&#8243; bg_color=\u00bb#fafafa\u00bb height_value=\u00bb500px\u00bb el_class=\u00bbrow\u00bb slider_speed=\u00bb500&#8243;][etheme_slider_item content_width=\u00bb50&#8243; v_align=\u00bbcenter\u00bb bg_size=\u00bbauto\u00bb background_position=\u00bbright\u00bb background_repeat=\u00bbno-repeat\u00bb title_font_container=\u00bbtag:h2&#8243; title_use_theme_fonts=\u00bbyes\u00bb title_css_animation=\u00bbfadeInLeft\u00bb subtitle_font_container=\u00bbtag:p\u00bb subtitle_use_theme_fonts=\u00bbyes\u00bb subtitle_css_animation=\u00bbfadeInLeft\u00bb use_custom_fonts_title=\u00bbtrue\u00bb use_custom_fonts_subtitle=\u00bbtrue\u00bb<\/p>\n<div class=\"read-more-wrapper\"><a class=\"link small\" href=\"https:\/\/emmetg.cl\/?page_id=4411\" role=\"button\">Read more<span class=\"nc-icon-glyph arrows-1_bold-right\"><\/span><\/a><\/div>\n","protected":false},"author":1,"featured_media":0,"parent":0,"menu_order":0,"comment_status":"closed","ping_status":"closed","template":"","meta":{"footnotes":""},"_links":{"self":[{"href":"https:\/\/emmetg.cl\/index.php?rest_route=\/wp\/v2\/pages\/4411"}],"collection":[{"href":"https:\/\/emmetg.cl\/index.php?rest_route=\/wp\/v2\/pages"}],"about":[{"href":"https:\/\/emmetg.cl\/index.php?rest_route=\/wp\/v2\/types\/page"}],"author":[{"embeddable":true,"href":"https:\/\/emmetg.cl\/index.php?rest_route=\/wp\/v2\/users\/1"}],"replies":[{"embeddable":true,"href":"https:\/\/emmetg.cl\/index.php?rest_route=%2Fwp%2Fv2%2Fcomments&post=4411"}],"version-history":[{"count":3,"href":"https:\/\/emmetg.cl\/index.php?rest_route=\/wp\/v2\/pages\/4411\/revisions"}],"predecessor-version":[{"id":5937,"href":"https:\/\/emmetg.cl\/index.php?rest_route=\/wp\/v2\/pages\/4411\/revisions\/5937"}],"wp:attachment":[{"href":"https:\/\/emmetg.cl\/index.php?rest_route=%2Fwp%2Fv2%2Fmedia&parent=4411"}],"curies":[{"name":"wp","href":"https:\/\/api.w.org\/{rel}","templated":true}]}}